{"id":2342,"date":"2021-01-05T10:16:58","date_gmt":"2021-01-05T10:16:58","guid":{"rendered":"https:\/\/earwell.eu\/ervaringen-en-testimonials\/"},"modified":"2023-12-05T11:34:45","modified_gmt":"2023-12-05T11:34:45","slug":"erfahrungen-und-testimonials","status":"publish","type":"page","link":"https:\/\/earwell.eu\/de\/erfahrungen-und-testimonials\/","title":{"rendered":"Erfahrungen und Testimonials"},"content":{"rendered":"<p><div class=\"fusion-fullwidth fullwidth-box fusion-builder-row-1 fusion-parallax-none nonhundred-percent-fullwidth non-hundred-percent-height-scrolling\" style=\"background-color: rgba(255,255,255,0);background-image: url(&quot;https:\/\/earwell.eu\/wp-content\/uploads\/2020\/06\/kindje-met-oorafwijking.jpg&quot;);background-position: center center;background-repeat: no-repeat;padding-top:450px;padding-right:0px;padding-bottom:0px;padding-left:0px;margin-bottom: 0px;margin-top: 0px;border-width: 0px 0px 0px 0px;border-color:#eae9e9;border-style:solid;-webkit-background-size:cover;-moz-background-size:cover;-o-background-size:cover;background-size:cover;\" ><div class=\"fusion-builder-row fusion-row\"><div class=\"fusion-layout-column fusion_builder_column fusion-builder-column-0 fusion_builder_column_1_1 1_1 fusion-one-full fusion-column-first fusion-column-last\" style=\"margin-top:0px;margin-bottom:0px;\"><div class=\"fusion-column-wrapper fusion-flex-column-wrapper-legacy\" style=\"background-position:left top;background-repeat:no-repeat;-webkit-background-size:cover;-moz-background-size:cover;-o-background-size:cover;background-size:cover;padding: 0px 0px 0px 0px;\"><div class=\"fusion-sep-clear\"><\/div><div class=\"fusion-separator fusion-no-large-visibility fusion-full-width-sep\" style=\"margin-left: auto;margin-right: auto;margin-top:30px;width:100%;\"><\/div><div class=\"fusion-sep-clear\"><\/div><div class=\"fusion-clearfix\"><\/div><\/div><\/div><\/div><\/div><div class=\"fusion-fullwidth fullwidth-box fusion-builder-row-2 nonhundred-percent-fullwidth non-hundred-percent-height-scrolling\" style=\"background-color: rgba(255,255,255,0);background-position: center center;background-repeat: no-repeat;padding-top:80px;padding-right:0px;padding-bottom:80px;padding-left:0px;margin-bottom: 0px;margin-top: 0px;border-width: 0px 0px 0px 0px;border-color:#eae9e9;border-style:solid;\" ><div class=\"fusion-builder-row fusion-row\"><div class=\"fusion-layout-column fusion_builder_column fusion-builder-column-1 fusion_builder_column_1_1 1_1 fusion-one-full fusion-column-first fusion-column-last\" style=\"margin-top:0px;margin-bottom:0px;\"><div class=\"fusion-column-wrapper fusion-flex-column-wrapper-legacy\" style=\"background-position:left top;background-repeat:no-repeat;-webkit-background-size:cover;-moz-background-size:cover;-o-background-size:cover;background-size:cover;padding: 0px 0px 0px 0px;\"><style type=\"text\/css\"><\/style><div class=\"fusion-title title fusion-title-1 fusion-sep-none fusion-title-text fusion-title-size-one\" style=\"margin-top:0px;margin-right:0px;margin-bottom:31px;margin-left:0px;\"><h1 class=\"title-heading-left fusion-responsive-typography-calculated\" style=\"margin:0;color:#333333;--fontSize:40;line-height:1.4;\">Earwell-Erfahrung von Mutter<\/h1><\/div><div class=\"fusion-text fusion-text-1\"><p>Inzwischen behandeln wir immer mehr Babys mit Earwell. Andere Eltern sind Ihnen bereits vorausgegangen, und einige teilen hier ihre Geschichte \u00fcber die Behandlung. Interessiert an ihren Erfahrungen? Du kannst sie hier lesen und sehen!<\/p>\n<\/div><div class=\"fusion-blog-shortcode fusion-blog-shortcode-1 fusion-blog-archive fusion-blog-layout-grid-wrapper fusion-blog-pagination\"><style type=\"text\/css\">.fusion-blog-shortcode-1 .fusion-blog-layout-grid .fusion-post-grid{padding:20px;}.fusion-blog-shortcode-1 .fusion-posts-container{margin-left: -20px !important; margin-right:-20px !important;}<\/style><div class=\"fusion-posts-container fusion-posts-container-pagination fusion-blog-layout-grid fusion-blog-layout-grid-2 isotope\" data-pages=\"1\" data-grid-col-space=\"40\" style=\"margin: -20px -20px 0;min-height:500px;\"><article id=\"blog-1-post-2478\" class=\"fusion-post-grid post-2478 post type-post status-publish format-standard has-post-thumbnail hentry category-erfahrungen-muttern\">\n<div class=\"fusion-post-wrapper\" style=\"background-color:rgba(255,255,255,0);border:1px solid #ebeaea;border-bottom-width:3px;\">\n\n\t\t\t<div class=\"fusion-flexslider flexslider fusion-flexslider-loading fusion-post-slideshow\" style=\"border-color:#ebeaea;\">\n\t\t<ul class=\"slides\">\n\t\t\t\n\t\t\t\t\t\t\t\t\t\t\t\t\t\t<li><div  class=\"fusion-image-wrapper\" aria-haspopup=\"true\">\n\t\t\t\t\t\t\t<a href=\"https:\/\/earwell.eu\/de\/ueberpruefen-und-erleben-sie-die-conchal-crus-behandlung\/\" aria-label=\"\u00dcberpr\u00fcfen und erleben Sie die Conchal Crus Behandlung\">\n\t\t\t\t\t\t\t<img decoding=\"async\" width=\"1000\" height=\"500\" src=\"https:\/\/earwell.eu\/wp-content\/uploads\/2021\/03\/review-earwell.jpeg\" class=\"attachment-full size-full wp-post-image\" alt=\"\" srcset=\"https:\/\/earwell.eu\/wp-content\/uploads\/2021\/03\/review-earwell-200x100.jpeg 200w, https:\/\/earwell.eu\/wp-content\/uploads\/2021\/03\/review-earwell-400x200.jpeg 400w, https:\/\/earwell.eu\/wp-content\/uploads\/2021\/03\/review-earwell-600x300.jpeg 600w, https:\/\/earwell.eu\/wp-content\/uploads\/2021\/03\/review-earwell-800x400.jpeg 800w, https:\/\/earwell.eu\/wp-content\/uploads\/2021\/03\/review-earwell.jpeg 1000w\" sizes=\"(min-width: 2200px) 100vw, (min-width: 722px) 550px, (min-width: 640px) 722px, \" \/>\t\t\t<\/a>\n\t\t\t\t\t\t\t<\/div>\n<\/li>\n\t\t\t\n\t\t\t\n\t\t\t\t\t\t\t\t\t\t\t\t\t\t\t\t\t\t\t\t\t\t\t\t\t\t\t\t\t\t\t\t\t\t\t\t\t\t\t\t\t\t\t\t\t\t\t\t\t\t\t\t\t\t\t\t\t\t\t\t\t\t\t\t\t\t\t\t<\/ul>\n\t<\/div>\n\t<div class=\"fusion-post-content-wrapper\" style=\"padding:30px 25px 20px 25px;\"><div class=\"fusion-post-content post-content\"><h2 class=\"blog-shortcode-post-title entry-title\"><a href=\"https:\/\/earwell.eu\/de\/ueberpruefen-und-erleben-sie-die-conchal-crus-behandlung\/\">\u00dcberpr\u00fcfen und erleben Sie die Conchal Crus Behandlung<\/a><\/h2><p class=\"fusion-single-line-meta\"><span class=\"vcard\" style=\"display: none;\"><span class=\"fn\"><a href=\"https:\/\/earwell.eu\/de\/author\/kandomarketinggmail-com\/\" title=\"Beitr\u00e4ge von Evy van Kan\" rel=\"author\">Evy van Kan<\/a><\/span><\/span><span class=\"updated\" style=\"display:none;\">2023-12-05T10:41:10+00:00<\/span><span>11, M\u00e4rz, 2021<\/span><span class=\"fusion-inline-sep\">|<\/span>Categories: <a href=\"https:\/\/earwell.eu\/de\/category\/erfahrungen-muttern\/\" rel=\"category tag\">Erfahrungen von M\u00fcttern<\/a><span class=\"fusion-inline-sep\">|<\/span><\/p><div class=\"fusion-content-sep sep-none\" style=\"border-color:#ebeaea;\"><\/div><div class=\"fusion-post-content-container\"><p>\u00dcberpr\u00fcfen und erleben Sie die Conchal Crus Behandlung Wir hatten im Bekanntenkreis etwas \u00fcber Earwell gelesen, und als wir nach der Geburt unserer Tochter erfuhren, dass sie einen so genannten<\/p><\/div><\/div><div class=\"fusion-meta-info\"><div class=\"fusion-alignleft\"><a class=\"fusion-read-more\" href=\"https:\/\/earwell.eu\/de\/ueberpruefen-und-erleben-sie-die-conchal-crus-behandlung\/\" aria-label=\"More on \u00dcberpr\u00fcfen und erleben Sie die Conchal Crus Behandlung\">Read More<\/a><\/div><div class=\"fusion-alignright\"><a href=\"https:\/\/earwell.eu\/de\/ueberpruefen-und-erleben-sie-die-conchal-crus-behandlung\/#respond\"><i class=\"awb-icon-bubbles\" aria-hidden=\"true\"><\/i>&nbsp;0<\/a><\/div><\/div><\/div><div class=\"fusion-clearfix\"><\/div><\/div>\n<\/article>\n<article id=\"blog-1-post-2441\" class=\"fusion-post-grid post-2441 post type-post status-publish format-standard has-post-thumbnail hentry category-erfahrungen-muttern\">\n<div class=\"fusion-post-wrapper\" style=\"background-color:rgba(255,255,255,0);border:1px solid #ebeaea;border-bottom-width:3px;\">\n\n\t\t\t<div class=\"fusion-flexslider flexslider fusion-flexslider-loading fusion-post-slideshow\" style=\"border-color:#ebeaea;\">\n\t\t<ul class=\"slides\">\n\t\t\t\n\t\t\t\t\t\t\t\t\t\t\t\t\t\t<li><div  class=\"fusion-image-wrapper\" aria-haspopup=\"true\">\n\t\t\t\t\t\t\t<a href=\"https:\/\/earwell.eu\/de\/earwell-erfahrung-von-mutter-und-baby\/\" aria-label=\"Earwell-Erfahrung von Mutter und Baby\">\n\t\t\t\t\t\t\t<img decoding=\"async\" width=\"1000\" height=\"500\" src=\"https:\/\/earwell.eu\/wp-content\/uploads\/2021\/01\/ervaring-earwell-moeder-baby.jpg\" class=\"attachment-full size-full wp-post-image\" alt=\"\" srcset=\"https:\/\/earwell.eu\/wp-content\/uploads\/2021\/01\/ervaring-earwell-moeder-baby-200x100.jpg 200w, https:\/\/earwell.eu\/wp-content\/uploads\/2021\/01\/ervaring-earwell-moeder-baby-400x200.jpg 400w, https:\/\/earwell.eu\/wp-content\/uploads\/2021\/01\/ervaring-earwell-moeder-baby-600x300.jpg 600w, https:\/\/earwell.eu\/wp-content\/uploads\/2021\/01\/ervaring-earwell-moeder-baby-800x400.jpg 800w, https:\/\/earwell.eu\/wp-content\/uploads\/2021\/01\/ervaring-earwell-moeder-baby.jpg 1000w\" sizes=\"(min-width: 2200px) 100vw, (min-width: 722px) 550px, (min-width: 640px) 722px, \" \/>\t\t\t<\/a>\n\t\t\t\t\t\t\t<\/div>\n<\/li>\n\t\t\t\n\t\t\t\n\t\t\t\t\t\t\t\t\t\t\t\t\t\t\t\t\t\t\t\t\t\t\t\t\t\t\t\t\t\t\t\t\t\t\t\t\t\t\t\t\t\t\t\t\t\t\t\t\t\t\t\t\t\t\t\t\t\t\t\t\t\t\t\t\t\t\t\t<\/ul>\n\t<\/div>\n\t<div class=\"fusion-post-content-wrapper\" style=\"padding:30px 25px 20px 25px;\"><div class=\"fusion-post-content post-content\"><h2 class=\"blog-shortcode-post-title entry-title\"><a href=\"https:\/\/earwell.eu\/de\/earwell-erfahrung-von-mutter-und-baby\/\">Earwell-Erfahrung von Mutter und Baby<\/a><\/h2><p class=\"fusion-single-line-meta\"><span class=\"vcard\" style=\"display: none;\"><span class=\"fn\"><a href=\"https:\/\/earwell.eu\/de\/author\/kandomarketinggmail-com\/\" title=\"Beitr\u00e4ge von Evy van Kan\" rel=\"author\">Evy van Kan<\/a><\/span><\/span><span class=\"updated\" style=\"display:none;\">2023-12-05T10:47:12+00:00<\/span><span>5, Januar, 2021<\/span><span class=\"fusion-inline-sep\">|<\/span>Categories: <a href=\"https:\/\/earwell.eu\/de\/category\/erfahrungen-muttern\/\" rel=\"category tag\">Erfahrungen von M\u00fcttern<\/a><span class=\"fusion-inline-sep\">|<\/span><\/p><div class=\"fusion-content-sep sep-none\" style=\"border-color:#ebeaea;\"><\/div><div class=\"fusion-post-content-container\"><p>Unsere Erfahrungen mit Earwell Unser kleiner Sohn hat einen kleinen Defekt am Spiralrand seines rechten Ohrs. Seine Ohrl\u00e4ppchen sind sehr weit vorne und die Wahrscheinlichkeit, dass er Schlappohren bekommt, ist<\/p><\/div><\/div><div class=\"fusion-meta-info\"><div class=\"fusion-alignleft\"><a class=\"fusion-read-more\" href=\"https:\/\/earwell.eu\/de\/earwell-erfahrung-von-mutter-und-baby\/\" aria-label=\"More on Earwell-Erfahrung von Mutter und Baby\">Read More<\/a><\/div><div class=\"fusion-alignright\"><a href=\"https:\/\/earwell.eu\/de\/earwell-erfahrung-von-mutter-und-baby\/#respond\"><i class=\"awb-icon-bubbles\" aria-hidden=\"true\"><\/i>&nbsp;0<\/a><\/div><\/div><\/div><div class=\"fusion-clearfix\"><\/div><\/div>\n<\/article>\n<div class=\"fusion-clearfix\"><\/div><\/div><\/div><div class=\"fusion-clearfix\"><\/div><\/div><\/div><\/div><\/div><div class=\"fusion-fullwidth fullwidth-box fusion-builder-row-3 nonhundred-percent-fullwidth non-hundred-percent-height-scrolling\" style=\"background-color: rgba(255,255,255,0);background-position: center center;background-repeat: no-repeat;padding-top:80px;padding-right:0px;padding-bottom:80px;padding-left:0px;margin-bottom: 0px;margin-top: 0px;border-width: 0px 0px 0px 0px;border-color:#eae9e9;border-style:solid;\" ><div class=\"fusion-builder-row fusion-row\"><div class=\"fusion-layout-column fusion_builder_column fusion-builder-column-2 fusion_builder_column_1_6 1_6 fusion-one-sixth fusion-column-first fusion-no-small-visibility\" style=\"width:16.666666666667%;width:calc(16.666666666667% - ( ( 4% + 4% ) * 0.16666666666667 ) );margin-right: 4%;margin-top:0px;margin-bottom:0px;\"><div class=\"fusion-column-wrapper fusion-flex-column-wrapper-legacy\" style=\"background-position:left top;background-repeat:no-repeat;-webkit-background-size:cover;-moz-background-size:cover;-o-background-size:cover;background-size:cover;padding: 0px 0px 0px 0px;\"><div class=\"fusion-clearfix\"><\/div><\/div><\/div><div class=\"fusion-layout-column fusion_builder_column fusion-builder-column-3 fusion_builder_column_2_3 2_3 fusion-two-third\" style=\"width:66.666666666667%;width:calc(66.666666666667% - ( ( 4% + 4% ) * 0.66666666666667 ) );margin-right: 4%;margin-top:0px;margin-bottom:0px;\"><div class=\"fusion-column-wrapper fusion-flex-column-wrapper-legacy\" style=\"background-position:left top;background-repeat:no-repeat;-webkit-background-size:cover;-moz-background-size:cover;-o-background-size:cover;background-size:cover;padding: 0px 0px 0px 0px;\"><style type=\"text\/css\"><\/style><div class=\"fusion-title title fusion-title-2 fusion-sep-none fusion-title-center fusion-title-text fusion-title-size-two\" style=\"margin-top:0px;margin-right:0px;margin-bottom:0px;margin-left:0px;\"><h2 class=\"title-heading-center fusion-responsive-typography-calculated\" style=\"margin:0;--fontSize:28;line-height:1.5;\">Erfahrungsberichte von Eltern<\/h2><\/div><div class=\"fusion-text fusion-text-2\"><p style=\"text-align: center; font-size: 19px;\">Viele Eltern haben die Ohren ihrer Kinder bereits mit EarWell behandeln lassen. Lesen Sie hier mehr \u00fcber ihre Erfahrungen und das, was sie sagen:<\/p>\n<\/div><div class=\"fusion-sep-clear\"><\/div><div class=\"fusion-separator fusion-full-width-sep\" style=\"margin-left: auto;margin-right: auto;margin-top:15px;margin-bottom:15px;width:100%;\"><\/div><div class=\"fusion-sep-clear\"><\/div><div class=\"fusion-testimonials clean fusion-testimonials-1\" data-random=\"0\" data-speed=\"12000\"><style type=\"text\/css\">#fusion-testimonials-1 a{border-color:#602520;}#fusion-testimonials-1 a:hover, #fusion-testimonials-1 .activeSlide{background-color: #602520;}.fusion-testimonials.clean.fusion-testimonials-1 .author:after{border-top-color:#ffffff !important;}<\/style><div class=\"reviews\"><div class=\"review active-testimonial avatar-image\"><div class=\"testimonial-thumbnail\"><img decoding=\"async\" class=\"testimonial-image\" src=\"https:\/\/earwell.eu\/wp-content\/uploads\/2021\/01\/baby-na-oorcorectie.jpg\" width=\"500\" height=\"556\" style=\"-webkit-border-radius:50%;-moz-border-radius:50%;border-radius:50%;\" \/><\/div><blockquote class=\"testimonials-shortcode-blockquote\"><q style=\"background-color:#ffffff;color:#602520;\" class=\"fusion-clearfix\">\n<p style=\"text-align: center;\">Unser kleiner Sohn hatte zwei ungleiche Ohren. Er hatte einen kleinen Defekt am Spiralrand des rechten Ohres und an beiden Ohren standen die Ohrl\u00e4ppchen sehr weit vor. Wir haben seine Ohren behandeln lassen, nach dem Motto \u201cwas nicht gemacht wird, ist immer falsch\u201d. Als Baby w\u00fcrde er von dieser Ohrkorrektur nichts merken und sp\u00e4ter im Leben w\u00fcrde er nur von seinen sch\u00f6nen Ohren profitieren. Wir sind sehr zufrieden mit dem Ergebnis! <a href=\"\/de\/earwell-erfahrung-von-mutter-und-baby\/\">Lesen Sie hier unsere Erfahrungen<\/a>.<\/p>\n<\/q><\/blockquote><div class=\"author\" style=\"color:#602520;\"><span class=\"company-name\"><strong>Die Eltern von B.<\/strong><\/span><\/div><\/div><div class=\"review no-avatar\"><blockquote class=\"testimonials-shortcode-blockquote\"><q style=\"background-color:#ffffff;color:#602520;\" class=\"fusion-clearfix\">\n<p style=\"text-align: center;\">Mein kleiner Sohn hat seit einem Monat Earwell Ohrschalen. Am Anfang war ich ziemlich skeptisch- ob sie funktionieren w\u00fcrden, aber vor allem, ob sie meinen Sohn st\u00f6ren w\u00fcrden. Nachdem ich Dr. Feijen getroffen hatte, war ich sofort beruhigt. Die Behandlung hat ihn \u00fcberhaupt nicht gest\u00f6rt. Das Einzige, was ihn st\u00f6rte, war, dass seine Haare ein wenig rasiert wurden, aber das ist eine Kleinigkeit. Seine Ohren sind jetzt f\u00fcr den Rest seines Lebens besser geworden. Ich bin mir sicher, dass er unheimlich froh und dankbar ist, dass wir das in seinen ersten Wochen gemacht haben. Wir haben ihm eine Menge unn\u00f6tiger Schmerzen erspart und eine Operation im sp\u00e4teren Leben vermieden. Meine Bedenken waren auch, dass er m\u00f6glicherweise mit seinen Ohren gemobbt werden k\u00f6nnte, und das konnten wir (aus diesem Grund) vermeiden. Ich bin Dr. Feijen so unglaublich dankbar.<\/p>\n<\/q><\/blockquote><div class=\"author\" style=\"color:#602520;\"><span class=\"company-name\"><strong>Die Eltern von A.<\/strong><\/span><\/div><\/div><div class=\"review no-avatar\"><blockquote class=\"testimonials-shortcode-blockquote\"><q style=\"background-color:#ffffff;color:#602520;\" class=\"fusion-clearfix\">\n<p style=\"text-align: center;\">Wir besuchten Dr. Feijen in der Mooi-Klinik vor 6 Monaten mit unserem kleinen Sohn, der damals 10 Tage alt war. Er wurde mit abstehenden Ohren geboren. Zuf\u00e4lligerweise hatte ich kurz vor der Geburt von einer neuen Technik geh\u00f6rt, bei der Neugeborenen Ohrschalen (Earwell) eingesetzt werden k\u00f6nnen, um abstehende Ohren zu beheben\/zu verhindern, so dass sp\u00e4ter im Leben keine Operation erforderlich ist. W\u00e4hrend die Ohrschalen eingesetzt wurden, schlief unser Sohn und bemerkte nichts. Da wir fr\u00fch mit der Behandlung begannen, musste er die Schalen nur 2 Wochen lang tragen. W\u00e4hrend dieser zwei Wochen konnten wir Dr. Feijen jederzeit erreichen, wenn wir Fragen hatten. Nach 2 Wochen wurden die Kappen Schalen entfernt, und wir konnten bereits die Ergebnisse sehen. Jetzt, 6 Monate sp\u00e4ter, sind wir sehr froh, dass wir das damals behandeln lie\u00dfen und die Ohren unseres Sohnes sehen v\u00f6llig normal aus! Wir sind sehr zufrieden mit dem Ergebnis.<\/p>\n<\/q><\/blockquote><div class=\"author\" style=\"color:#602520;\"><span class=\"company-name\"><strong>Die Eltern von Joris<\/strong><\/span><\/div><\/div><div class=\"review no-avatar\"><blockquote class=\"testimonials-shortcode-blockquote\"><q style=\"background-color:#ffffff;color:#602520;\" class=\"fusion-clearfix\">\n<p style=\"text-align: center;\">Zuerst hatten wir Zweifel, ob wir EarWell verwenden sollten, da es mit diesen Ohrschalen etwas seltsam aussah, aber im Nachhinein sind wir mit dem Ergebnis sehr zufrieden. Unsere Tochter hat nichts bemerkt und schlief beim Anpassen und Wechseln des EarWells durch.<\/p>\n<\/q><\/blockquote><div class=\"author\" style=\"color:#602520;\"><span class=\"company-name\"><strong>Die Eltern von Bram<\/strong><\/span><\/div><\/div><div class=\"review no-avatar\"><blockquote class=\"testimonials-shortcode-blockquote\"><q style=\"background-color:#ffffff;color:#602520;\" class=\"fusion-clearfix\">\n<p style=\"text-align: center;\">Zuerst hatten wir Zweifel, ob wir EarWell verwenden sollten, da es mit diesen Ohrschalen etwas seltsam aussah, aber im Nachhinein sind wir mit dem Ergebnis sehr zufrieden. Unsere Tochter hat nichts bemerkt und schlief beim Anpassen und Wechseln des EarWells durch.<\/p>\n<\/q><\/blockquote><div class=\"author\" style=\"color:#602520;\"><span class=\"company-name\"><strong>Eltern von Liv<\/strong><\/span><\/div><\/div><div class=\"review no-avatar\"><blockquote class=\"testimonials-shortcode-blockquote\"><q style=\"background-color:#ffffff;color:#602520;\" class=\"fusion-clearfix\">\n<p style=\"text-align: center;\">Ich w\u00fcrde diese Behandlung allen Eltern von Kindern mit Ohranomalien empfehlen. Unser Sohn Mats hat \u00fcberhaupt nicht gelitten und seine Ohren wurden vollst\u00e4ndig korrigiert. Ohne Operation und ohne Narben.<\/p>\n<\/q><\/blockquote><div class=\"author\" style=\"color:#602520;\"><span class=\"company-name\"><strong>Eltern von Mats<\/strong><\/span><\/div><\/div><div class=\"review no-avatar\"><blockquote class=\"testimonials-shortcode-blockquote\"><q style=\"background-color:#ffffff;color:#602520;\" class=\"fusion-clearfix\">\n<p style=\"text-align: center;\">Unser Baby hatte mehrere Anomalien an einem Ohr. Wir haben \u00fcber EarWell und Dr. Feijen erfahren und sind mit dem Ergebnis sehr zufrieden. Unser Kind kann jetzt mit sch\u00f6nen normalen Ohren aufwachsen. Dr. Feijen und die Damen in der MOOI-Klinik waren sehr hilfsbereit und standen uns immer f\u00fcr Fragen zur Verf\u00fcgung.<\/p>\n<\/q><\/blockquote><div class=\"author\" style=\"color:#602520;\"><span class=\"company-name\"><strong>Eltern von Loek<\/strong><\/span><\/div><\/div><\/div><div class=\"testimonial-pagination\" id=\"fusion-testimonials-1\"><a href=\"#\" aria-label=\"Testimonial Pagination\"  class=\"activeSlide\"><\/a><a href=\"#\" aria-label=\"Testimonial Pagination\" ><\/a><a href=\"#\" aria-label=\"Testimonial Pagination\" ><\/a><a href=\"#\" aria-label=\"Testimonial Pagination\" ><\/a><a href=\"#\" aria-label=\"Testimonial Pagination\" ><\/a><a href=\"#\" aria-label=\"Testimonial Pagination\" ><\/a><a href=\"#\" aria-label=\"Testimonial Pagination\" ><\/a><\/div><\/div><div class=\"fusion-clearfix\"><\/div><\/div><\/div><div class=\"fusion-layout-column fusion_builder_column fusion-builder-column-4 fusion_builder_column_1_6 1_6 fusion-one-sixth fusion-column-last fusion-no-small-visibility\" style=\"width:16.666666666667%;width:calc(16.666666666667% - ( ( 4% + 4% ) * 0.16666666666667 ) );margin-top:0px;margin-bottom:0px;\"><div class=\"fusion-column-wrapper fusion-flex-column-wrapper-legacy\" style=\"background-position:left top;background-repeat:no-repeat;-webkit-background-size:cover;-moz-background-size:cover;-o-background-size:cover;background-size:cover;padding: 0px 0px 0px 0px;\"><div class=\"fusion-clearfix\"><\/div><\/div><\/div><\/div><\/div>\n<\/p>\n","protected":false},"excerpt":{"rendered":"","protected":false},"author":2,"featured_media":0,"parent":0,"menu_order":0,"comment_status":"closed","ping_status":"closed","template":"100-width.php","meta":{"_acf_changed":false,"footnotes":""},"class_list":["post-2342","page","type-page","status-publish","hentry"],"acf":[],"yoast_head":"<!-- This site is optimized with the Yoast SEO plugin v26.8 - https:\/\/yoast.com\/product\/yoast-seo-wordpress\/ -->\n<title>Erfahrungen und Testimonials - EarWell.eu<\/title>\n<meta name=\"robots\" content=\"index, follow, max-snippet:-1, max-image-preview:large, max-video-preview:-1\" \/>\n<link rel=\"canonical\" href=\"https:\/\/earwell.eu\/de\/erfahrungen-und-testimonials\/\" \/>\n<meta property=\"og:locale\" content=\"de_DE\" \/>\n<meta property=\"og:type\" content=\"article\" \/>\n<meta property=\"og:title\" content=\"Erfahrungen und Testimonials - EarWell.eu\" \/>\n<meta property=\"og:url\" content=\"https:\/\/earwell.eu\/de\/erfahrungen-und-testimonials\/\" \/>\n<meta property=\"og:site_name\" content=\"EarWell.eu\" \/>\n<meta property=\"article:modified_time\" content=\"2023-12-05T11:34:45+00:00\" \/>\n<meta name=\"twitter:card\" content=\"summary_large_image\" \/>\n<meta name=\"twitter:label1\" content=\"Gesch\u00e4tzte Lesezeit\" \/>\n\t<meta name=\"twitter:data1\" content=\"7\u00a0Minuten\" \/>\n<script type=\"application\/ld+json\" class=\"yoast-schema-graph\">{\"@context\":\"https:\/\/schema.org\",\"@graph\":[{\"@type\":\"WebPage\",\"@id\":\"https:\/\/earwell.eu\/de\/erfahrungen-und-testimonials\/\",\"url\":\"https:\/\/earwell.eu\/de\/erfahrungen-und-testimonials\/\",\"name\":\"Erfahrungen und Testimonials - EarWell.eu\",\"isPartOf\":{\"@id\":\"https:\/\/earwell.eu\/#website\"},\"datePublished\":\"2021-01-05T10:16:58+00:00\",\"dateModified\":\"2023-12-05T11:34:45+00:00\",\"breadcrumb\":{\"@id\":\"https:\/\/earwell.eu\/de\/erfahrungen-und-testimonials\/#breadcrumb\"},\"inLanguage\":\"de\",\"potentialAction\":[{\"@type\":\"ReadAction\",\"target\":[\"https:\/\/earwell.eu\/de\/erfahrungen-und-testimonials\/\"]}]},{\"@type\":\"BreadcrumbList\",\"@id\":\"https:\/\/earwell.eu\/de\/erfahrungen-und-testimonials\/#breadcrumb\",\"itemListElement\":[{\"@type\":\"ListItem\",\"position\":1,\"name\":\"Home\",\"item\":\"https:\/\/earwell.eu\/de\/driving-home\/\"},{\"@type\":\"ListItem\",\"position\":2,\"name\":\"Erfahrungen und Testimonials\"}]},{\"@type\":\"WebSite\",\"@id\":\"https:\/\/earwell.eu\/#website\",\"url\":\"https:\/\/earwell.eu\/\",\"name\":\"EarWell.eu\",\"description\":\"\",\"potentialAction\":[{\"@type\":\"SearchAction\",\"target\":{\"@type\":\"EntryPoint\",\"urlTemplate\":\"https:\/\/earwell.eu\/?s={search_term_string}\"},\"query-input\":{\"@type\":\"PropertyValueSpecification\",\"valueRequired\":true,\"valueName\":\"search_term_string\"}}],\"inLanguage\":\"de\"}]}<\/script>\n<!-- \/ Yoast SEO plugin. -->","yoast_head_json":{"title":"Erfahrungen und Testimonials - EarWell.eu","robots":{"index":"index","follow":"follow","max-snippet":"max-snippet:-1","max-image-preview":"max-image-preview:large","max-video-preview":"max-video-preview:-1"},"canonical":"https:\/\/earwell.eu\/de\/erfahrungen-und-testimonials\/","og_locale":"de_DE","og_type":"article","og_title":"Erfahrungen und Testimonials - EarWell.eu","og_url":"https:\/\/earwell.eu\/de\/erfahrungen-und-testimonials\/","og_site_name":"EarWell.eu","article_modified_time":"2023-12-05T11:34:45+00:00","twitter_card":"summary_large_image","twitter_misc":{"Gesch\u00e4tzte Lesezeit":"7\u00a0Minuten"},"schema":{"@context":"https:\/\/schema.org","@graph":[{"@type":"WebPage","@id":"https:\/\/earwell.eu\/de\/erfahrungen-und-testimonials\/","url":"https:\/\/earwell.eu\/de\/erfahrungen-und-testimonials\/","name":"Erfahrungen und Testimonials - EarWell.eu","isPartOf":{"@id":"https:\/\/earwell.eu\/#website"},"datePublished":"2021-01-05T10:16:58+00:00","dateModified":"2023-12-05T11:34:45+00:00","breadcrumb":{"@id":"https:\/\/earwell.eu\/de\/erfahrungen-und-testimonials\/#breadcrumb"},"inLanguage":"de","potentialAction":[{"@type":"ReadAction","target":["https:\/\/earwell.eu\/de\/erfahrungen-und-testimonials\/"]}]},{"@type":"BreadcrumbList","@id":"https:\/\/earwell.eu\/de\/erfahrungen-und-testimonials\/#breadcrumb","itemListElement":[{"@type":"ListItem","position":1,"name":"Home","item":"https:\/\/earwell.eu\/de\/driving-home\/"},{"@type":"ListItem","position":2,"name":"Erfahrungen und Testimonials"}]},{"@type":"WebSite","@id":"https:\/\/earwell.eu\/#website","url":"https:\/\/earwell.eu\/","name":"EarWell.eu","description":"","potentialAction":[{"@type":"SearchAction","target":{"@type":"EntryPoint","urlTemplate":"https:\/\/earwell.eu\/?s={search_term_string}"},"query-input":{"@type":"PropertyValueSpecification","valueRequired":true,"valueName":"search_term_string"}}],"inLanguage":"de"}]}},"_links":{"self":[{"href":"https:\/\/earwell.eu\/de\/wp-json\/wp\/v2\/pages\/2342","targetHints":{"allow":["GET"]}}],"collection":[{"href":"https:\/\/earwell.eu\/de\/wp-json\/wp\/v2\/pages"}],"about":[{"href":"https:\/\/earwell.eu\/de\/wp-json\/wp\/v2\/types\/page"}],"author":[{"embeddable":true,"href":"https:\/\/earwell.eu\/de\/wp-json\/wp\/v2\/users\/2"}],"replies":[{"embeddable":true,"href":"https:\/\/earwell.eu\/de\/wp-json\/wp\/v2\/comments?post=2342"}],"version-history":[{"count":2,"href":"https:\/\/earwell.eu\/de\/wp-json\/wp\/v2\/pages\/2342\/revisions"}],"predecessor-version":[{"id":2516,"href":"https:\/\/earwell.eu\/de\/wp-json\/wp\/v2\/pages\/2342\/revisions\/2516"}],"wp:attachment":[{"href":"https:\/\/earwell.eu\/de\/wp-json\/wp\/v2\/media?parent=2342"}],"curies":[{"name":"wp","href":"https:\/\/api.w.org\/{rel}","templated":true}]}}