{"id":2388,"date":"2019-01-29T07:57:53","date_gmt":"2019-01-29T07:57:53","guid":{"rendered":"https:\/\/earwell.eu\/over-ons\/"},"modified":"2024-02-20T10:34:20","modified_gmt":"2024-02-20T10:34:20","slug":"ueber-uns","status":"publish","type":"page","link":"https:\/\/earwell.eu\/de\/ueber-uns\/","title":{"rendered":"\u00dcBER UNS"},"content":{"rendered":"<p><div class=\"fusion-fullwidth fullwidth-box fusion-builder-row-1 fusion-parallax-none nonhundred-percent-fullwidth non-hundred-percent-height-scrolling\" style=\"background-color: rgba(255,255,255,0);background-image: url(&quot;https:\/\/earwell.eu\/wp-content\/uploads\/2020\/06\/flaporen-baby-voorkomen.jpg&quot;);background-position: center center;background-repeat: no-repeat;padding-top:450px;padding-right:0px;padding-bottom:0px;padding-left:0px;margin-bottom: 0px;margin-top: 0px;border-width: 0px 0px 0px 0px;border-color:#eae9e9;border-style:solid;-webkit-background-size:cover;-moz-background-size:cover;-o-background-size:cover;background-size:cover;\" ><div class=\"fusion-builder-row fusion-row\"><div class=\"fusion-layout-column fusion_builder_column fusion-builder-column-0 fusion_builder_column_1_1 1_1 fusion-one-full fusion-column-first fusion-column-last\" style=\"margin-top:0px;margin-bottom:0px;\"><div class=\"fusion-column-wrapper fusion-flex-column-wrapper-legacy\" style=\"background-position:left top;background-repeat:no-repeat;-webkit-background-size:cover;-moz-background-size:cover;-o-background-size:cover;background-size:cover;padding: 0px 0px 0px 0px;\"><div class=\"fusion-sep-clear\"><\/div><div class=\"fusion-separator fusion-no-large-visibility fusion-full-width-sep\" style=\"margin-left: auto;margin-right: auto;margin-top:30px;width:100%;\"><\/div><div class=\"fusion-sep-clear\"><\/div><div class=\"fusion-clearfix\"><\/div><\/div><\/div><\/div><\/div><div class=\"fusion-fullwidth fullwidth-box fusion-builder-row-2 nonhundred-percent-fullwidth non-hundred-percent-height-scrolling\" style=\"background-color: rgba(255,255,255,0);background-position: center center;background-repeat: no-repeat;padding-top:80px;padding-right:0px;padding-bottom:0px;padding-left:0px;margin-bottom: 0px;margin-top: 0px;border-width: 0px 0px 0px 0px;border-color:#eae9e9;border-style:solid;\" ><div class=\"fusion-builder-row fusion-row\"><div class=\"fusion-layout-column fusion_builder_column fusion-builder-column-1 fusion_builder_column_2_3 2_3 fusion-two-third fusion-column-first fusion-animated\" style=\"width:66.666666666667%;width:calc(66.666666666667% - ( ( 4% ) * 0.66666666666667 ) );margin-right: 4%;margin-top:0px;margin-bottom:40px;\" data-animationType=\"fadeInLeft\" data-animationDuration=\"0.6\" data-animationOffset=\"top-into-view\"><div class=\"fusion-column-wrapper fusion-flex-column-wrapper-legacy\" style=\"background-position:left top;background-repeat:no-repeat;-webkit-background-size:cover;-moz-background-size:cover;-o-background-size:cover;background-size:cover;padding: 0px 0px 0px 0px;\"><style type=\"text\/css\"><\/style><div class=\"fusion-title title fusion-title-1 fusion-sep-none fusion-title-text fusion-title-size-two\" style=\"margin-top:0px;margin-right:0px;margin-bottom:31px;margin-left:0px;\"><h2 class=\"title-heading-left fusion-responsive-typography-calculated\" style=\"margin:0;--fontSize:28;line-height:1.5;\">\u00dcber uns<\/h2><\/div><div class=\"fusion-text fusion-text-1\"><p>EarWell wurde von Dr. Byrd in den Vereinigten Staaten konzipiert und entwickelt und wird dort seit 2010 erfolgreich bei Neugeborenen mit Ohranomalien eingesetzt. Die plastische Chirurgin Michelle Feijen lernte EarWell w\u00e4hrend eines Stipendiums kennen. Gemeinsam mit Dr. Byrd behandelte Michelle mehrere Babys mit Ohrfehlern, um sich auf EarWell und Ohrfehler zu spezialisieren. Weil sie von dieser Behandlung so begeistert war, beschloss sie, sie in den Niederlanden einzuf\u00fchren. Inzwischen ist das Produkt und die Behandlung auch in Frankreich, Belgien, Luxemburg, Deutschland, \u00d6sterreich, der Schweiz, D\u00e4nemark, Schweden und anderen europ\u00e4ischen L\u00e4ndern erh\u00e4ltlich.<br \/>\nGemeinsam wollen wir daf\u00fcr sorgen, dass Kinder nicht mehr wegen eines Ohrfehlers schikaniert werden und eine Operation im sp\u00e4teren Leben vermieden werden kann.<\/p>\n<\/div><div class=\"fusion-clearfix\"><\/div><\/div><\/div><\/div><\/div><div class=\"fusion-fullwidth fullwidth-box fusion-builder-row-3 fusion-parallax-none nonhundred-percent-fullwidth non-hundred-percent-height-scrolling\" style=\"background-color: rgba(230,200,179,0.6);background-image: url(&quot;https:\/\/earwell.eu\/wp-content\/uploads\/2019\/01\/about-team-background.jpg&quot;);background-position: center bottom;background-repeat: repeat-x;padding-top:80px;padding-right:0px;padding-bottom:80px;padding-left:0px;margin-bottom: 0px;margin-top: 0px;border-width: 0px 0px 0px 0px;border-color:#eae9e9;border-style:solid;\" ><div class=\"fusion-builder-row fusion-row\"><div class=\"fusion-layout-column fusion_builder_column fusion-builder-column-2 fusion_builder_column_1_6 1_6 fusion-one-sixth fusion-column-first\" style=\"width:16.666666666667%;width:calc(16.666666666667% - ( ( 4% + 4% ) * 0.16666666666667 ) );margin-right: 4%;margin-top:0px;margin-bottom:0px;\"><div class=\"fusion-column-wrapper fusion-flex-column-wrapper-legacy\" style=\"background-position:left top;background-repeat:no-repeat;-webkit-background-size:cover;-moz-background-size:cover;-o-background-size:cover;background-size:cover;padding: 0px 0px 0px 0px;\"><div class=\"fusion-clearfix\"><\/div><\/div><\/div><div class=\"fusion-layout-column fusion_builder_column fusion-builder-column-3 fusion_builder_column_2_3 2_3 fusion-two-third fusion-animated\" style=\"width:66.666666666667%;width:calc(66.666666666667% - ( ( 4% + 4% ) * 0.66666666666667 ) );margin-right: 4%;margin-top:0px;margin-bottom:40px;\" data-animationType=\"fadeInLeft\" data-animationDuration=\"0.6\" data-animationOffset=\"top-into-view\"><div class=\"fusion-column-wrapper fusion-flex-column-wrapper-legacy\" style=\"background-position:left top;background-repeat:no-repeat;-webkit-background-size:cover;-moz-background-size:cover;-o-background-size:cover;background-size:cover;padding: 0px 0px 0px 0px;\"><style type=\"text\/css\"><\/style><div class=\"fusion-title title fusion-title-2 fusion-sep-none fusion-title-center fusion-title-text fusion-title-size-two\" style=\"margin-top:0px;margin-right:0px;margin-bottom:31px;margin-left:0px;\"><h2 class=\"title-heading-center fusion-responsive-typography-calculated\" style=\"margin:0;--fontSize:28;line-height:1.5;\">Die Spezialisten<\/h2><\/div><div class=\"fusion-clearfix\"><\/div><\/div><\/div><div class=\"fusion-layout-column fusion_builder_column fusion-builder-column-4 fusion_builder_column_1_6 1_6 fusion-one-sixth fusion-column-last\" style=\"width:16.666666666667%;width:calc(16.666666666667% - ( ( 4% + 4% ) * 0.16666666666667 ) );margin-top:0px;margin-bottom:0px;\"><div class=\"fusion-column-wrapper fusion-flex-column-wrapper-legacy\" style=\"background-position:left top;background-repeat:no-repeat;-webkit-background-size:cover;-moz-background-size:cover;-o-background-size:cover;background-size:cover;padding: 0px 0px 0px 0px;\"><div class=\"fusion-clearfix\"><\/div><\/div><\/div><div class=\"fusion-layout-column fusion_builder_column fusion-builder-column-5 fusion_builder_column_1_1 1_1 fusion-one-full fusion-column-first fusion-column-last\" style=\"margin-top:0px;margin-bottom:40px;\"><div class=\"fusion-column-wrapper fusion-column-has-shadow fusion-flex-column-wrapper-legacy\" style=\"background-position:left top;background-repeat:no-repeat;-webkit-background-size:cover;-moz-background-size:cover;-o-background-size:cover;background-size:cover;border-radius:10px 10px 10px 10px;background-color:#ffffff;border-width: 6px 0 0 0;border-color:#eecfcd;border-style:solid;border-radius:10px 10px 10px 10px;overflow:hidden;box-shadow:0px 25px 20px 0px rgba(61,61,61,0.1);;padding: 40px 40px 10px 40px;\"><div class=\"fusion-builder-row fusion-builder-row-inner fusion-row\"><div class=\"fusion-layout-column fusion_builder_column_inner fusion-builder-nested-column-0 fusion_builder_column_inner_1_3 1_3 fusion-one-third fusion-column-first\" style=\"width:33.333333333333%;width:calc(33.333333333333% - ( ( 4% ) * 0.33333333333333 ) );margin-right: 4%;margin-top:0px;margin-bottom:0px;\"><div class=\"fusion-column-wrapper fusion-flex-column-wrapper-legacy\" style=\"background-position:left top;background-repeat:no-repeat;-webkit-background-size:cover;-moz-background-size:cover;-o-background-size:cover;background-size:cover;padding: 0px 0px 0px 0px;\"><div class=\"imageframe-align-center\"><div class=\"awb-image-frame awb-image-frame-1 imageframe-liftup\"><span class=\" fusion-imageframe imageframe-none imageframe-1 fusion-animated\" data-animationType=\"fadeInUp\" data-animationDuration=\"0.6\" data-animationOffset=\"top-into-view\"><img decoding=\"async\" width=\"600\" height=\"600\" title=\"Michelle feijen earwell\" src=\"https:\/\/earwell.eu\/wp-content\/uploads\/2020\/06\/Michelle-feijen-earwell.jpg\" alt class=\"img-responsive wp-image-2108\" srcset=\"https:\/\/earwell.eu\/wp-content\/uploads\/2020\/06\/Michelle-feijen-earwell-200x200.jpg 200w, https:\/\/earwell.eu\/wp-content\/uploads\/2020\/06\/Michelle-feijen-earwell-400x400.jpg 400w, https:\/\/earwell.eu\/wp-content\/uploads\/2020\/06\/Michelle-feijen-earwell.jpg 600w\" sizes=\"(max-width: 1051px) 100vw, 400px\" \/><\/span><\/div><\/div><div class=\"fusion-sep-clear\"><\/div><div class=\"fusion-separator fusion-full-width-sep\" style=\"margin-left: auto;margin-right: auto;margin-bottom:30px;width:100%;\"><\/div><div class=\"fusion-sep-clear\"><\/div><div class=\"fusion-clearfix\"><\/div><\/div><\/div><div class=\"fusion-layout-column fusion_builder_column_inner fusion-builder-nested-column-1 fusion_builder_column_inner_2_3 2_3 fusion-two-third fusion-column-last\" style=\"width:66.666666666667%;width:calc(66.666666666667% - ( ( 4% ) * 0.66666666666667 ) );margin-top:0px;margin-bottom:0px;\"><div class=\"fusion-column-wrapper fusion-flex-column-wrapper-legacy\" style=\"background-position:left top;background-repeat:no-repeat;-webkit-background-size:cover;-moz-background-size:cover;-o-background-size:cover;background-size:cover;padding: 0px 0px 0px 0px;\"><div class=\"alignright\"><div class=\"fusion-social-links fusion-social-links-1\"><div class=\"fusion-social-networks\"><div class=\"fusion-social-networks-wrapper\"><a class=\"fusion-social-network-icon fusion-tooltip fusion-facebook awb-icon-facebook\" style=\"color:#bebdbd;font-size:16px;\" data-placement=\"top\" data-title=\"Facebook\" data-toggle=\"tooltip\" title=\"Facebook\" aria-label=\"facebook\" target=\"_blank\" rel=\"noopener noreferrer\" href=\"https:\/\/www.facebook.com\/Earwell-100515124863157\/\"><\/a><a class=\"fusion-social-network-icon fusion-tooltip fusion-instagram awb-icon-instagram\" style=\"color:#bebdbd;font-size:16px;\" data-placement=\"top\" data-title=\"Instagram\" data-toggle=\"tooltip\" title=\"Instagram\" aria-label=\"instagram\" target=\"_blank\" rel=\"noopener noreferrer\" href=\"https:\/\/www.instagram.com\/earwell_nl\/\"><\/a><a class=\"fusion-social-network-icon fusion-tooltip fusion-mail awb-icon-mail\" style=\"color:#bebdbd;font-size:16px;\" data-placement=\"top\" data-title=\"Email\" data-toggle=\"tooltip\" title=\"Email\" aria-label=\"mail\" target=\"_blank\" rel=\"noopener noreferrer\" href=\"mailto:&#109;fe&#105;&#106;&#101;n&#064;m&#111;oi&#045;&#107;li&#110;ie&#107;.&#110;&#108;&#032;\"><\/a><\/div><\/div><\/div><\/div><style type=\"text\/css\">.fusion-social-links-1 .boxed-icons .fusion-social-network-icon{border-top-width:0px !important;border-right-width:0px !important;border-bottom-width:0px !important;border-left-width:0px !important;border-color:var(--awb-color3) !important;}.fusion-social-links-1 .boxed-icons .fusion-social-network-icon:hover{background-color:rgba(232,232,232,0.8) !important;border-color:var(--awb-color4) !important;}.fusion-social-links-1 .fusion-social-network-icon:hover{color:rgba(190,189,189,0.8) !important;}.fusion-social-links-1{ margin-top : 0px;margin-right : 0px;margin-bottom : 0px;margin-left : 0px;}<\/style><style type=\"text\/css\"><\/style><div class=\"fusion-title title fusion-title-3 fusion-sep-none fusion-title-text fusion-title-size-three\" style=\"font-size:24px;margin-top:0px;margin-right:0px;margin-bottom:0px;margin-left:0px;\"><h3 class=\"title-heading-left fusion-responsive-typography-calculated\" style=\"margin:0;font-size:1em;color:#494c4e;--fontSize:24;line-height:1.5;\">Michelle Feijen<\/h3><\/div><div class=\"fusion-text fusion-text-2\"><p style=\"font-size: 16px; text-align: left;\">Ausbilderin, plastische Chirurgin und Spezialistin f\u00fcr EarWell (Niederlande)<\/p>\n<\/div><div class=\"fusion-text fusion-text-3\"><p>Ich bin Michelle Feijen und arbeite seit 2016 als plastische Chirurgin am Zuyderland Medical Centre und der MOOI-Klinik Maastricht.Ich habe \u00fcber die Korrektur von Sch\u00e4deldeformationen bei Kindern ohne Operation und \u00fcber EarWell geforscht.<\/p>\n<p>Nach Abschluss meiner Ausbildung absolvierte ich ein Stipendium in Dallas bei Dr. Byrd, dem Erfinder von EarWell. Wir haben zusammen mehrere Kinder behandelt, und ich habe gesehen, welch gro\u00dfartige Ergebnisse wir mit EarWell erzielen k\u00f6nnen. Deshalb habe ich beschlossen, diese pr\u00e4ventive Behandlung auch in den Niederlanden einzusetzen. Innerhalb von EarWell Europe bin ich Ausbilder f\u00fcr neue \u00c4rzte, die mit dieser Behandlung beginnen wollen.<\/p>\n<\/div><div class=\"fusion-clearfix\"><\/div><\/div><\/div><\/div><div class=\"fusion-clearfix\"><\/div><\/div><\/div><div class=\"fusion-layout-column fusion_builder_column fusion-builder-column-6 fusion_builder_column_1_1 1_1 fusion-one-full fusion-column-first fusion-column-last box-shadow\" style=\"margin-top:0px;margin-bottom:40px;\"><div class=\"fusion-column-wrapper fusion-column-has-shadow fusion-flex-column-wrapper-legacy\" style=\"background-position:left top;background-repeat:no-repeat;-webkit-background-size:cover;-moz-background-size:cover;-o-background-size:cover;background-size:cover;border-radius:10px 10px 10px 10px;background-color:#ffffff;border-width: 6px 0 0 0;border-color:#eecfcd;border-style:solid;border-radius:10px 10px 10px 10px;overflow:hidden;box-shadow:0px 25px 20px 0px rgba(61,61,61,0.1);;padding: 40px 40px 10px 40px;\"><div class=\"fusion-builder-row fusion-builder-row-inner fusion-row\"><div class=\"fusion-layout-column fusion_builder_column_inner fusion-builder-nested-column-2 fusion_builder_column_inner_1_3 1_3 fusion-one-third fusion-column-first\" style=\"width:33.333333333333%;width:calc(33.333333333333% - ( ( 4% ) * 0.33333333333333 ) );margin-right: 4%;margin-top:0px;margin-bottom:0px;\"><div class=\"fusion-column-wrapper fusion-flex-column-wrapper-legacy\" style=\"background-position:left top;background-repeat:no-repeat;-webkit-background-size:cover;-moz-background-size:cover;-o-background-size:cover;background-size:cover;padding: 0px 0px 0px 0px;\"><div class=\"imageframe-align-center\"><div class=\"awb-image-frame awb-image-frame-2 imageframe-liftup\"><span class=\" fusion-imageframe imageframe-none imageframe-2 fusion-animated\" data-animationType=\"fadeInUp\" data-animationDuration=\"0.6\" data-animationOffset=\"top-into-view\"><img decoding=\"async\" width=\"480\" height=\"480\" title=\"steve byrd\" src=\"https:\/\/earwell.eu\/wp-content\/uploads\/2020\/06\/steve-byrd.jpg\" alt class=\"img-responsive wp-image-2142\" srcset=\"https:\/\/earwell.eu\/wp-content\/uploads\/2020\/06\/steve-byrd-200x200.jpg 200w, https:\/\/earwell.eu\/wp-content\/uploads\/2020\/06\/steve-byrd-400x400.jpg 400w, https:\/\/earwell.eu\/wp-content\/uploads\/2020\/06\/steve-byrd.jpg 480w\" sizes=\"(max-width: 1051px) 100vw, 400px\" \/><\/span><\/div><\/div><div class=\"fusion-sep-clear\"><\/div><div class=\"fusion-separator fusion-full-width-sep\" style=\"margin-left: auto;margin-right: auto;margin-bottom:30px;width:100%;\"><\/div><div class=\"fusion-sep-clear\"><\/div><div class=\"fusion-clearfix\"><\/div><\/div><\/div><div class=\"fusion-layout-column fusion_builder_column_inner fusion-builder-nested-column-3 fusion_builder_column_inner_2_3 2_3 fusion-two-third fusion-column-last\" style=\"width:66.666666666667%;width:calc(66.666666666667% - ( ( 4% ) * 0.66666666666667 ) );margin-top:0px;margin-bottom:0px;\"><div class=\"fusion-column-wrapper fusion-flex-column-wrapper-legacy\" style=\"background-position:left top;background-repeat:no-repeat;-webkit-background-size:cover;-moz-background-size:cover;-o-background-size:cover;background-size:cover;padding: 0px 0px 0px 0px;\"><style type=\"text\/css\"><\/style><div class=\"fusion-title title fusion-title-4 fusion-sep-none fusion-title-text fusion-title-size-three\" style=\"font-size:24px;margin-top:0px;margin-right:0px;margin-bottom:0px;margin-left:0px;\"><h3 class=\"title-heading-left fusion-responsive-typography-calculated\" style=\"margin:0;font-size:1em;color:#494c4e;--fontSize:24;line-height:1.5;\">Steve Byrd<\/h3><\/div><div class=\"fusion-text fusion-text-4\"><p style=\"font-size: 16px; text-align: left;\">Plastischer Chirurg und Erfinder von EarWell.<\/p>\n<\/div><div class=\"fusion-text fusion-text-5\"><p>Ich bin Steve Byrd, plastischer Chirurg am Institut f\u00fcr plastische Chirurgie in Dallas, Texas, USA. Durch meine Arbeit in der plastischen Kinderchirurgie kam ich in Kontakt mit Kindern mit abnormen Ohren.Dies f\u00fchrte zur Entwicklung des EarWell-Systems.Wir haben inzwischen jahrelange Erfahrung mit dem EarWell-System und haben die Ergebnisse umfassend untersucht.Wir arbeiten eng mit Michelle Feijen von EarWell Benelux zusammen, um auch f\u00fcr europ\u00e4ische Babys die besten Ergebnisse zu erzielen. F\u00fcr weitere Informationen: <a href=\"http:\/\/www.earwellcenters.com\/\" target=\"_blank\" rel=\"noopener noreferrer\">www.earwellcenters.com<\/a><\/p>\n<\/div><div class=\"fusion-clearfix\"><\/div><\/div><\/div><\/div><div class=\"fusion-clearfix\"><\/div><\/div><\/div><\/div><\/div><\/p>\n","protected":false},"excerpt":{"rendered":"","protected":false},"author":2,"featured_media":0,"parent":0,"menu_order":0,"comment_status":"closed","ping_status":"closed","template":"100-width.php","meta":{"_acf_changed":false,"footnotes":""},"class_list":["post-2388","page","type-page","status-publish","hentry"],"acf":[],"yoast_head":"<!-- This site is optimized with the Yoast SEO plugin v26.8 - https:\/\/yoast.com\/product\/yoast-seo-wordpress\/ -->\n<title>Specialisten en artsen - over EarWell.eu<\/title>\n<meta name=\"robots\" content=\"index, follow, max-snippet:-1, max-image-preview:large, max-video-preview:-1\" \/>\n<link rel=\"canonical\" href=\"https:\/\/earwell.eu\/de\/ueber-uns\/\" \/>\n<meta property=\"og:locale\" content=\"de_DE\" \/>\n<meta property=\"og:type\" content=\"article\" \/>\n<meta property=\"og:title\" content=\"Specialisten en artsen - over EarWell.eu\" \/>\n<meta property=\"og:url\" content=\"https:\/\/earwell.eu\/de\/ueber-uns\/\" \/>\n<meta property=\"og:site_name\" content=\"EarWell.eu\" \/>\n<meta property=\"article:modified_time\" content=\"2024-02-20T10:34:20+00:00\" \/>\n<meta name=\"twitter:card\" content=\"summary_large_image\" \/>\n<meta name=\"twitter:label1\" content=\"Gesch\u00e4tzte Lesezeit\" \/>\n\t<meta name=\"twitter:data1\" content=\"8\u00a0Minuten\" \/>\n<script type=\"application\/ld+json\" class=\"yoast-schema-graph\">{\"@context\":\"https:\/\/schema.org\",\"@graph\":[{\"@type\":\"WebPage\",\"@id\":\"https:\/\/earwell.eu\/de\/ueber-uns\/\",\"url\":\"https:\/\/earwell.eu\/de\/ueber-uns\/\",\"name\":\"Specialisten en artsen - over EarWell.eu\",\"isPartOf\":{\"@id\":\"https:\/\/earwell.eu\/#website\"},\"datePublished\":\"2019-01-29T07:57:53+00:00\",\"dateModified\":\"2024-02-20T10:34:20+00:00\",\"breadcrumb\":{\"@id\":\"https:\/\/earwell.eu\/de\/ueber-uns\/#breadcrumb\"},\"inLanguage\":\"de\",\"potentialAction\":[{\"@type\":\"ReadAction\",\"target\":[\"https:\/\/earwell.eu\/de\/ueber-uns\/\"]}]},{\"@type\":\"BreadcrumbList\",\"@id\":\"https:\/\/earwell.eu\/de\/ueber-uns\/#breadcrumb\",\"itemListElement\":[{\"@type\":\"ListItem\",\"position\":1,\"name\":\"Home\",\"item\":\"https:\/\/earwell.eu\/de\/driving-home\/\"},{\"@type\":\"ListItem\",\"position\":2,\"name\":\"\u00dcBER UNS\"}]},{\"@type\":\"WebSite\",\"@id\":\"https:\/\/earwell.eu\/#website\",\"url\":\"https:\/\/earwell.eu\/\",\"name\":\"EarWell.eu\",\"description\":\"\",\"potentialAction\":[{\"@type\":\"SearchAction\",\"target\":{\"@type\":\"EntryPoint\",\"urlTemplate\":\"https:\/\/earwell.eu\/?s={search_term_string}\"},\"query-input\":{\"@type\":\"PropertyValueSpecification\",\"valueRequired\":true,\"valueName\":\"search_term_string\"}}],\"inLanguage\":\"de\"}]}<\/script>\n<!-- \/ Yoast SEO plugin. -->","yoast_head_json":{"title":"Specialisten en artsen - over EarWell.eu","robots":{"index":"index","follow":"follow","max-snippet":"max-snippet:-1","max-image-preview":"max-image-preview:large","max-video-preview":"max-video-preview:-1"},"canonical":"https:\/\/earwell.eu\/de\/ueber-uns\/","og_locale":"de_DE","og_type":"article","og_title":"Specialisten en artsen - over EarWell.eu","og_url":"https:\/\/earwell.eu\/de\/ueber-uns\/","og_site_name":"EarWell.eu","article_modified_time":"2024-02-20T10:34:20+00:00","twitter_card":"summary_large_image","twitter_misc":{"Gesch\u00e4tzte Lesezeit":"8\u00a0Minuten"},"schema":{"@context":"https:\/\/schema.org","@graph":[{"@type":"WebPage","@id":"https:\/\/earwell.eu\/de\/ueber-uns\/","url":"https:\/\/earwell.eu\/de\/ueber-uns\/","name":"Specialisten en artsen - over EarWell.eu","isPartOf":{"@id":"https:\/\/earwell.eu\/#website"},"datePublished":"2019-01-29T07:57:53+00:00","dateModified":"2024-02-20T10:34:20+00:00","breadcrumb":{"@id":"https:\/\/earwell.eu\/de\/ueber-uns\/#breadcrumb"},"inLanguage":"de","potentialAction":[{"@type":"ReadAction","target":["https:\/\/earwell.eu\/de\/ueber-uns\/"]}]},{"@type":"BreadcrumbList","@id":"https:\/\/earwell.eu\/de\/ueber-uns\/#breadcrumb","itemListElement":[{"@type":"ListItem","position":1,"name":"Home","item":"https:\/\/earwell.eu\/de\/driving-home\/"},{"@type":"ListItem","position":2,"name":"\u00dcBER UNS"}]},{"@type":"WebSite","@id":"https:\/\/earwell.eu\/#website","url":"https:\/\/earwell.eu\/","name":"EarWell.eu","description":"","potentialAction":[{"@type":"SearchAction","target":{"@type":"EntryPoint","urlTemplate":"https:\/\/earwell.eu\/?s={search_term_string}"},"query-input":{"@type":"PropertyValueSpecification","valueRequired":true,"valueName":"search_term_string"}}],"inLanguage":"de"}]}},"_links":{"self":[{"href":"https:\/\/earwell.eu\/de\/wp-json\/wp\/v2\/pages\/2388","targetHints":{"allow":["GET"]}}],"collection":[{"href":"https:\/\/earwell.eu\/de\/wp-json\/wp\/v2\/pages"}],"about":[{"href":"https:\/\/earwell.eu\/de\/wp-json\/wp\/v2\/types\/page"}],"author":[{"embeddable":true,"href":"https:\/\/earwell.eu\/de\/wp-json\/wp\/v2\/users\/2"}],"replies":[{"embeddable":true,"href":"https:\/\/earwell.eu\/de\/wp-json\/wp\/v2\/comments?post=2388"}],"version-history":[{"count":8,"href":"https:\/\/earwell.eu\/de\/wp-json\/wp\/v2\/pages\/2388\/revisions"}],"predecessor-version":[{"id":2547,"href":"https:\/\/earwell.eu\/de\/wp-json\/wp\/v2\/pages\/2388\/revisions\/2547"}],"wp:attachment":[{"href":"https:\/\/earwell.eu\/de\/wp-json\/wp\/v2\/media?parent=2388"}],"curies":[{"name":"wp","href":"https:\/\/api.w.org\/{rel}","templated":true}]}}