{"id":2550,"date":"2024-02-20T10:38:09","date_gmt":"2024-02-20T10:38:09","guid":{"rendered":"https:\/\/earwell.eu\/?page_id=2550"},"modified":"2024-02-20T10:38:09","modified_gmt":"2024-02-20T10:38:09","slug":"blog","status":"publish","type":"page","link":"https:\/\/earwell.eu\/de\/blog\/","title":{"rendered":"Blog"},"content":{"rendered":"<p><div class=\"fusion-fullwidth fullwidth-box fusion-builder-row-1 fusion-parallax-none nonhundred-percent-fullwidth non-hundred-percent-height-scrolling\" style=\"background-color: rgba(255,255,255,0);background-image: url(&quot;https:\/\/earwell.eu\/wp-content\/uploads\/2020\/06\/misvormde-oren-baby.jpg&quot;);background-position: center center;background-repeat: no-repeat;padding-top:450px;padding-right:0px;padding-bottom:0px;padding-left:0px;margin-bottom: 0px;margin-top: 0px;border-width: 0px 0px 0px 0px;border-color:#eae9e9;border-style:solid;-webkit-background-size:cover;-moz-background-size:cover;-o-background-size:cover;background-size:cover;\" ><div class=\"fusion-builder-row fusion-row\"><div class=\"fusion-layout-column fusion_builder_column fusion-builder-column-0 fusion_builder_column_1_1 1_1 fusion-one-full fusion-column-first fusion-column-last\" style=\"margin-top:0px;margin-bottom:0px;\"><div class=\"fusion-column-wrapper fusion-flex-column-wrapper-legacy\" style=\"background-position:left top;background-repeat:no-repeat;-webkit-background-size:cover;-moz-background-size:cover;-o-background-size:cover;background-size:cover;padding: 0px 0px 0px 0px;\"><div class=\"fusion-sep-clear\"><\/div><div class=\"fusion-separator fusion-no-large-visibility fusion-full-width-sep\" style=\"margin-left: auto;margin-right: auto;margin-top:100px;width:100%;\"><\/div><div class=\"fusion-sep-clear\"><\/div><div class=\"fusion-clearfix\"><\/div><\/div><\/div><\/div><\/div><div class=\"fusion-fullwidth fullwidth-box fusion-builder-row-2 fusion-flex-container nonhundred-percent-fullwidth non-hundred-percent-height-scrolling\" style=\"background-color: rgba(255,255,255,0);background-position: center center;background-repeat: no-repeat;border-width: 0px 0px 0px 0px;border-color:#eae9e9;border-style:solid;\" ><div class=\"fusion-builder-row fusion-row fusion-flex-align-items-flex-start\" style=\"max-width:1185.6px;margin-left: calc(-4% \/ 2 );margin-right: calc(-4% \/ 2 );\"><div class=\"fusion-layout-column fusion_builder_column fusion-builder-column-1 fusion_builder_column_1_1 1_1 fusion-flex-column\"><div class=\"fusion-column-wrapper fusion-flex-justify-content-flex-start fusion-content-layout-column\" style=\"background-position:left top;background-repeat:no-repeat;-webkit-background-size:cover;-moz-background-size:cover;-o-background-size:cover;background-size:cover;padding: 0px 0px 0px 0px;\"><div class=\"fusion-blog-shortcode fusion-blog-shortcode-1 fusion-blog-archive fusion-blog-layout-medium fusion-blog-pagination\"><div class=\"fusion-posts-container fusion-posts-container-pagination\" data-pages=\"1\"><article id=\"blog-1-post-2478\" class=\"fusion-post-medium post-2478 post type-post status-publish format-standard has-post-thumbnail hentry category-erfahrungen-muttern\">\n\t<style type=\"text\/css\">\n\t\t\n\t\t\n\t\t\n\t\t\n\t\t\t<\/style>\n\n\n\t\t\t<div class=\"fusion-flexslider flexslider fusion-flexslider-loading fusion-post-slideshow\" style=\"\">\n\t\t<ul class=\"slides\">\n\t\t\t\n\t\t\t\t\t\t\t\t\t\t\t\t\t\t<li><div  class=\"fusion-image-wrapper fusion-image-size-fixed\" aria-haspopup=\"true\">\n\t\t\t\t\t\t\t<a href=\"https:\/\/earwell.eu\/de\/ueberpruefen-und-erleben-sie-die-conchal-crus-behandlung\/\" aria-label=\"\u00dcberpr\u00fcfen und erleben Sie die Conchal Crus Behandlung\">\n\t\t\t\t\t\t\t<img decoding=\"async\" width=\"320\" height=\"202\" src=\"https:\/\/earwell.eu\/wp-content\/uploads\/2021\/03\/review-earwell-320x202.jpeg\" class=\"attachment-blog-medium size-blog-medium wp-post-image\" alt=\"\" srcset=\"https:\/\/earwell.eu\/wp-content\/uploads\/2021\/03\/review-earwell-320x202.jpeg 320w, https:\/\/earwell.eu\/wp-content\/uploads\/2021\/03\/review-earwell-700x441.jpeg 700w\" sizes=\"(max-width: 320px) 100vw, 320px\" \/>\t\t\t<\/a>\n\t\t\t\t\t\t\t<\/div>\n<\/li>\n\t\t\t\n\t\t\t\n\t\t\t\t\t\t\t\t\t\t\t\t\t\t\t\t\t\t\t\t\t\t\t\t\t\t\t\t\t\t\t\t\t\t\t\t\t\t\t\t\t\t\t\t\t\t\t\t\t\t\t\t\t\t\t\t\t\t\t\t\t\t\t\t\t\t\t\t<\/ul>\n\t<\/div>\n\t<div class=\"fusion-post-content post-content\"><h2 class=\"blog-shortcode-post-title entry-title\"><a href=\"https:\/\/earwell.eu\/de\/ueberpruefen-und-erleben-sie-die-conchal-crus-behandlung\/\">\u00dcberpr\u00fcfen und erleben Sie die Conchal Crus Behandlung<\/a><\/h2><div class=\"fusion-post-content-container\"><p>\u00dcberpr\u00fcfen und erleben Sie die Conchal Crus Behandlung Wir hatten im Bekanntenkreis etwas \u00fcber Earwell gelesen, und als wir nach der Geburt unserer Tochter erfuhren, dass sie einen so genannten conchal Muschelkropf im linken Ohr hatte, nahmen wir Kontakt mit<\/p><\/div><\/div><div class=\"fusion-clearfix\"><\/div><div class=\"fusion-meta-info\"><div class=\"fusion-alignleft\"><span class=\"vcard\" style=\"display: none;\"><span class=\"fn\"><a href=\"https:\/\/earwell.eu\/de\/author\/kandomarketinggmail-com\/\" title=\"Beitr\u00e4ge von Evy van Kan\" rel=\"author\">Evy van Kan<\/a><\/span><\/span><span class=\"updated\" style=\"display:none;\">2023-12-05T10:41:10+00:00<\/span><span>11, M\u00e4rz, 2021<\/span><span class=\"fusion-inline-sep\">|<\/span>Categories: <a href=\"https:\/\/earwell.eu\/de\/category\/erfahrungen-muttern\/\" rel=\"category tag\">Erfahrungen von M\u00fcttern<\/a><span class=\"fusion-inline-sep\">|<\/span><span class=\"fusion-comments\"><a href=\"https:\/\/earwell.eu\/de\/ueberpruefen-und-erleben-sie-die-conchal-crus-behandlung\/#respond\">0 Comments<\/a><\/span><\/div><div class=\"fusion-alignright\"><a class=\"fusion-read-more\" href=\"https:\/\/earwell.eu\/de\/ueberpruefen-und-erleben-sie-die-conchal-crus-behandlung\/\" aria-label=\"More on \u00dcberpr\u00fcfen und erleben Sie die Conchal Crus Behandlung\">Read More<\/a><\/div><\/div><\/article>\n<article id=\"blog-1-post-2441\" class=\"fusion-post-medium post-2441 post type-post status-publish format-standard has-post-thumbnail hentry category-erfahrungen-muttern\">\n\t<style type=\"text\/css\">\n\t\t\n\t\t\n\t\t\n\t\t\n\t\t\t<\/style>\n\n\n\t\t\t<div class=\"fusion-flexslider flexslider fusion-flexslider-loading fusion-post-slideshow\" style=\"\">\n\t\t<ul class=\"slides\">\n\t\t\t\n\t\t\t\t\t\t\t\t\t\t\t\t\t\t<li><div  class=\"fusion-image-wrapper fusion-image-size-fixed\" aria-haspopup=\"true\">\n\t\t\t\t\t\t\t<a href=\"https:\/\/earwell.eu\/de\/earwell-erfahrung-von-mutter-und-baby\/\" aria-label=\"Earwell-Erfahrung von Mutter und Baby\">\n\t\t\t\t\t\t\t<img decoding=\"async\" width=\"320\" height=\"202\" src=\"https:\/\/earwell.eu\/wp-content\/uploads\/2021\/01\/ervaring-earwell-moeder-baby-320x202.jpg\" class=\"attachment-blog-medium size-blog-medium wp-post-image\" alt=\"\" srcset=\"https:\/\/earwell.eu\/wp-content\/uploads\/2021\/01\/ervaring-earwell-moeder-baby-320x202.jpg 320w, https:\/\/earwell.eu\/wp-content\/uploads\/2021\/01\/ervaring-earwell-moeder-baby-700x441.jpg 700w\" sizes=\"(max-width: 320px) 100vw, 320px\" \/>\t\t\t<\/a>\n\t\t\t\t\t\t\t<\/div>\n<\/li>\n\t\t\t\n\t\t\t\n\t\t\t\t\t\t\t\t\t\t\t\t\t\t\t\t\t\t\t\t\t\t\t\t\t\t\t\t\t\t\t\t\t\t\t\t\t\t\t\t\t\t\t\t\t\t\t\t\t\t\t\t\t\t\t\t\t\t\t\t\t\t\t\t\t\t\t\t<\/ul>\n\t<\/div>\n\t<div class=\"fusion-post-content post-content\"><h2 class=\"blog-shortcode-post-title entry-title\"><a href=\"https:\/\/earwell.eu\/de\/earwell-erfahrung-von-mutter-und-baby\/\">Earwell-Erfahrung von Mutter und Baby<\/a><\/h2><div class=\"fusion-post-content-container\"><p>Unsere Erfahrungen mit Earwell Unser kleiner Sohn hat einen kleinen Defekt am Spiralrand seines rechten Ohrs. Seine Ohrl\u00e4ppchen sind sehr weit vorne und die Wahrscheinlichkeit, dass er Schlappohren bekommt, ist hoch. Wir selbst (Mama und Papa) haben auch Schlappohren. Wir<\/p><\/div><\/div><div class=\"fusion-clearfix\"><\/div><div class=\"fusion-meta-info\"><div class=\"fusion-alignleft\"><span class=\"vcard\" style=\"display: none;\"><span class=\"fn\"><a href=\"https:\/\/earwell.eu\/de\/author\/kandomarketinggmail-com\/\" title=\"Beitr\u00e4ge von Evy van Kan\" rel=\"author\">Evy van Kan<\/a><\/span><\/span><span class=\"updated\" style=\"display:none;\">2023-12-05T10:47:12+00:00<\/span><span>5, Januar, 2021<\/span><span class=\"fusion-inline-sep\">|<\/span>Categories: <a href=\"https:\/\/earwell.eu\/de\/category\/erfahrungen-muttern\/\" rel=\"category tag\">Erfahrungen von M\u00fcttern<\/a><span class=\"fusion-inline-sep\">|<\/span><span class=\"fusion-comments\"><a href=\"https:\/\/earwell.eu\/de\/earwell-erfahrung-von-mutter-und-baby\/#respond\">0 Comments<\/a><\/span><\/div><div class=\"fusion-alignright\"><a class=\"fusion-read-more\" href=\"https:\/\/earwell.eu\/de\/earwell-erfahrung-von-mutter-und-baby\/\" aria-label=\"More on Earwell-Erfahrung von Mutter und Baby\">Read More<\/a><\/div><\/div><\/article>\n<\/div><\/div><\/div><style type=\"text\/css\">.fusion-body .fusion-builder-column-1{width:100% !important;margin-top : 0px;margin-bottom : 0px;}.fusion-builder-column-1 > .fusion-column-wrapper {padding-top : 0px !important;padding-right : 0px !important;margin-right : 1.92%;padding-bottom : 0px !important;padding-left : 0px !important;margin-left : 1.92%;}@media only screen and (max-width:1024px) {.fusion-body .fusion-builder-column-1{width:100% !important;order : 0;}.fusion-builder-column-1 > .fusion-column-wrapper {margin-right : 1.92%;margin-left : 1.92%;}}@media only screen and (max-width:640px) {.fusion-body .fusion-builder-column-1{width:100% !important;order : 0;}.fusion-builder-column-1 > .fusion-column-wrapper {margin-right : 1.92%;margin-left : 1.92%;}}<\/style><\/div><\/div><style type=\"text\/css\">.fusion-body .fusion-flex-container.fusion-builder-row-2{ padding-top : 0px;margin-top : 90px;padding-right : 0px;padding-bottom : 0px;margin-bottom : 0px;padding-left : 0px;}<\/style><\/div><\/p>\n","protected":false},"excerpt":{"rendered":"","protected":false},"author":2,"featured_media":0,"parent":0,"menu_order":0,"comment_status":"closed","ping_status":"closed","template":"100-width.php","meta":{"_acf_changed":false,"footnotes":""},"class_list":["post-2550","page","type-page","status-publish","hentry"],"acf":[],"yoast_head":"<!-- This site is optimized with the Yoast SEO plugin v26.8 - https:\/\/yoast.com\/product\/yoast-seo-wordpress\/ -->\n<title>Blog - EarWell.eu<\/title>\n<meta name=\"robots\" content=\"index, follow, max-snippet:-1, max-image-preview:large, max-video-preview:-1\" \/>\n<link rel=\"canonical\" href=\"https:\/\/earwell.eu\/de\/blog\/\" \/>\n<meta property=\"og:locale\" content=\"de_DE\" \/>\n<meta property=\"og:type\" content=\"article\" \/>\n<meta property=\"og:title\" content=\"Blog - EarWell.eu\" \/>\n<meta property=\"og:url\" content=\"https:\/\/earwell.eu\/de\/blog\/\" \/>\n<meta property=\"og:site_name\" content=\"EarWell.eu\" \/>\n<meta name=\"twitter:card\" content=\"summary_large_image\" \/>\n<meta name=\"twitter:label1\" content=\"Gesch\u00e4tzte Lesezeit\" \/>\n\t<meta name=\"twitter:data1\" content=\"2\u00a0Minuten\" \/>\n<script type=\"application\/ld+json\" class=\"yoast-schema-graph\">{\"@context\":\"https:\/\/schema.org\",\"@graph\":[{\"@type\":\"WebPage\",\"@id\":\"https:\/\/earwell.eu\/de\/blog\/\",\"url\":\"https:\/\/earwell.eu\/de\/blog\/\",\"name\":\"Blog - EarWell.eu\",\"isPartOf\":{\"@id\":\"https:\/\/earwell.eu\/#website\"},\"datePublished\":\"2024-02-20T10:38:09+00:00\",\"breadcrumb\":{\"@id\":\"https:\/\/earwell.eu\/de\/blog\/#breadcrumb\"},\"inLanguage\":\"de\",\"potentialAction\":[{\"@type\":\"ReadAction\",\"target\":[\"https:\/\/earwell.eu\/de\/blog\/\"]}]},{\"@type\":\"BreadcrumbList\",\"@id\":\"https:\/\/earwell.eu\/de\/blog\/#breadcrumb\",\"itemListElement\":[{\"@type\":\"ListItem\",\"position\":1,\"name\":\"Home\",\"item\":\"https:\/\/earwell.eu\/de\/driving-home\/\"},{\"@type\":\"ListItem\",\"position\":2,\"name\":\"Blog\"}]},{\"@type\":\"WebSite\",\"@id\":\"https:\/\/earwell.eu\/#website\",\"url\":\"https:\/\/earwell.eu\/\",\"name\":\"EarWell.eu\",\"description\":\"\",\"potentialAction\":[{\"@type\":\"SearchAction\",\"target\":{\"@type\":\"EntryPoint\",\"urlTemplate\":\"https:\/\/earwell.eu\/?s={search_term_string}\"},\"query-input\":{\"@type\":\"PropertyValueSpecification\",\"valueRequired\":true,\"valueName\":\"search_term_string\"}}],\"inLanguage\":\"de\"}]}<\/script>\n<!-- \/ Yoast SEO plugin. -->","yoast_head_json":{"title":"Blog - EarWell.eu","robots":{"index":"index","follow":"follow","max-snippet":"max-snippet:-1","max-image-preview":"max-image-preview:large","max-video-preview":"max-video-preview:-1"},"canonical":"https:\/\/earwell.eu\/de\/blog\/","og_locale":"de_DE","og_type":"article","og_title":"Blog - EarWell.eu","og_url":"https:\/\/earwell.eu\/de\/blog\/","og_site_name":"EarWell.eu","twitter_card":"summary_large_image","twitter_misc":{"Gesch\u00e4tzte Lesezeit":"2\u00a0Minuten"},"schema":{"@context":"https:\/\/schema.org","@graph":[{"@type":"WebPage","@id":"https:\/\/earwell.eu\/de\/blog\/","url":"https:\/\/earwell.eu\/de\/blog\/","name":"Blog - EarWell.eu","isPartOf":{"@id":"https:\/\/earwell.eu\/#website"},"datePublished":"2024-02-20T10:38:09+00:00","breadcrumb":{"@id":"https:\/\/earwell.eu\/de\/blog\/#breadcrumb"},"inLanguage":"de","potentialAction":[{"@type":"ReadAction","target":["https:\/\/earwell.eu\/de\/blog\/"]}]},{"@type":"BreadcrumbList","@id":"https:\/\/earwell.eu\/de\/blog\/#breadcrumb","itemListElement":[{"@type":"ListItem","position":1,"name":"Home","item":"https:\/\/earwell.eu\/de\/driving-home\/"},{"@type":"ListItem","position":2,"name":"Blog"}]},{"@type":"WebSite","@id":"https:\/\/earwell.eu\/#website","url":"https:\/\/earwell.eu\/","name":"EarWell.eu","description":"","potentialAction":[{"@type":"SearchAction","target":{"@type":"EntryPoint","urlTemplate":"https:\/\/earwell.eu\/?s={search_term_string}"},"query-input":{"@type":"PropertyValueSpecification","valueRequired":true,"valueName":"search_term_string"}}],"inLanguage":"de"}]}},"_links":{"self":[{"href":"https:\/\/earwell.eu\/de\/wp-json\/wp\/v2\/pages\/2550","targetHints":{"allow":["GET"]}}],"collection":[{"href":"https:\/\/earwell.eu\/de\/wp-json\/wp\/v2\/pages"}],"about":[{"href":"https:\/\/earwell.eu\/de\/wp-json\/wp\/v2\/types\/page"}],"author":[{"embeddable":true,"href":"https:\/\/earwell.eu\/de\/wp-json\/wp\/v2\/users\/2"}],"replies":[{"embeddable":true,"href":"https:\/\/earwell.eu\/de\/wp-json\/wp\/v2\/comments?post=2550"}],"version-history":[{"count":1,"href":"https:\/\/earwell.eu\/de\/wp-json\/wp\/v2\/pages\/2550\/revisions"}],"predecessor-version":[{"id":2552,"href":"https:\/\/earwell.eu\/de\/wp-json\/wp\/v2\/pages\/2550\/revisions\/2552"}],"wp:attachment":[{"href":"https:\/\/earwell.eu\/de\/wp-json\/wp\/v2\/media?parent=2550"}],"curies":[{"name":"wp","href":"https:\/\/api.w.org\/{rel}","templated":true}]}}