{"id":2028,"date":"2022-03-15T11:35:01","date_gmt":"2022-03-15T11:35:01","guid":{"rendered":"https:\/\/earwell.eu\/?page_id=2028"},"modified":"2022-03-15T11:35:02","modified_gmt":"2022-03-15T11:35:02","slug":"disclaimer","status":"publish","type":"page","link":"https:\/\/earwell.eu\/fr\/disclaimer\/","title":{"rendered":"Disclaimer"},"content":{"rendered":"<p><div class=\"fusion-fullwidth fullwidth-box fusion-builder-row-1 nonhundred-percent-fullwidth non-hundred-percent-height-scrolling\" style=\"background-color: rgba(255,255,255,0);background-position: center center;background-repeat: no-repeat;padding-top:0%;padding-right:0px;padding-bottom:12%;padding-left:0px;margin-bottom: 0px;margin-top: 0px;border-width: 0px 0px 0px 0px;border-color:#eae9e9;border-style:solid;\" ><div class=\"fusion-builder-row fusion-row\"><div class=\"fusion-layout-column fusion_builder_column fusion-builder-column-0 fusion_builder_column_1_1 1_1 fusion-one-full fusion-column-first fusion-column-last fusion-animated\" style=\"margin-top:0px;margin-bottom:0px;\" data-animationType=\"fadeInLeft\" data-animationDuration=\"0.6\" data-animationOffset=\"top-into-view\"><div class=\"fusion-column-wrapper fusion-flex-column-wrapper-legacy\" style=\"background-position:left top;background-repeat:no-repeat;-webkit-background-size:cover;-moz-background-size:cover;-o-background-size:cover;background-size:cover;padding: 0px 0px 0px 0px;\"><div class=\"fusion-sep-clear\"><\/div><div class=\"fusion-separator fusion-full-width-sep\" style=\"margin-left: auto;margin-right: auto;margin-top:80px;width:100%;\"><div class=\"fusion-separator-border sep-single sep-solid\" style=\"border-color:#507f6b;border-top-width:1px;\"><\/div><\/div><div class=\"fusion-sep-clear\"><\/div><div class=\"fusion-clearfix\"><\/div><\/div><\/div><\/div><\/div><div class=\"fusion-fullwidth fullwidth-box fusion-builder-row-2 nonhundred-percent-fullwidth non-hundred-percent-height-scrolling\" style=\"background-color: rgba(255,255,255,0);background-position: center center;background-repeat: no-repeat;padding-top:0px;padding-right:0px;padding-bottom:0px;padding-left:0px;margin-bottom: 0px;margin-top: 0px;border-width: 0px 0px 0px 0px;border-color:#eae9e9;border-style:solid;\" ><div class=\"fusion-builder-row fusion-row\"><div class=\"fusion-layout-column fusion_builder_column fusion-builder-column-1 fusion_builder_column_1_1 1_1 fusion-one-full fusion-column-first fusion-column-last\" style=\"margin-top:0px;margin-bottom:0px;\"><div class=\"fusion-column-wrapper fusion-flex-column-wrapper-legacy\" style=\"background-position:left top;background-repeat:no-repeat;-webkit-background-size:cover;-moz-background-size:cover;-o-background-size:cover;background-size:cover;padding: 0px 0px 0px 0px;\"><div class=\"fusion-text fusion-text-1\"><h2>Disclaimer<\/h2>\n<header class=\"header btClear large btDash bottomDash btAccentDash\"><\/header>\n<div class=\"btText\">\n<p>Le site www.earwell.eu fait partie d&rsquo;une collaboration entre MOOI kliniek \u00e0 Maastricht et Aleamed en Belgique.<\/p>\n<p><strong>Informations sur ce site web<\/strong><\/p>\n<p>Nous apportons le plus grand soin \u00e0 la cr\u00e9ation de nos informations et de ce site web. Les informations figurant sur notre site web ont \u00e9t\u00e9 fournies par diff\u00e9rents professionnels. Nous nous effor\u00e7ons toujours de fournir des informations correctes et actualis\u00e9es. Toutefois, nous ne pouvons pas garantir que toutes les informations sont toujours correctes au moment o\u00f9 elles sont re\u00e7ues. Par cons\u00e9quent, aucun droit ne peut \u00eatre tir\u00e9 des informations contenues dans ce site web. Nous n&rsquo;acceptons aucune responsabilit\u00e9 pour les dommages r\u00e9sultant de pr\u00e9tendues inexactitudes et\/ou d&rsquo;informations p\u00e9rim\u00e9es.<\/p>\n<p><strong>D\u00e9claration de confidentialit\u00e9<\/strong><\/p>\n<p>Afin de fournir des soins de qualit\u00e9 et professionnels, nous traitons des donn\u00e9es personnelles.<\/p>\n<p>Nous accordons une grande importance \u00e0 la gestion rigoureuse de vos donn\u00e9es personnelles. Vos donn\u00e9es personnelles sont donc trait\u00e9es avec soin et s\u00e9curis\u00e9es par nos soins. Vous pouvez compter sur nous pour assurer la s\u00e9curit\u00e9 de vos donn\u00e9es et pour respecter les dispositions l\u00e9gales en vigueur. La d\u00e9claration de confidentialit\u00e9 peut \u00eatre consult\u00e9e sur notre site web.<\/p>\n<p><strong>Visiter notre site web<\/strong><\/p>\n<p>Lorsque vous visitez notre site web, nous enregistrons votre adresse IP, vos donn\u00e9es de visite et vos cookies.<\/p>\n<p><strong>Ce que nous faisons avec votre adresse IP?<\/strong><\/p>\n<p>Toute personne qui utilise l&rsquo;internet a une adresse IP. M\u00eame si vous utilisez l&rsquo;internet avec un t\u00e9l\u00e9phone portable. Sans adresse IP, vous ne pouvez pas utiliser l&rsquo;internet. Votre adresse IP est enregistr\u00e9e chez nous.<\/p>\n<p><strong>Ce que nous faisons avec vos donn\u00e9es?<\/strong><\/p>\n<p>Notre site web garde des donn\u00e9es g\u00e9n\u00e9rales de visite, telles que les pages les plus fr\u00e9quemment visit\u00e9es. Gr\u00e2ce \u00e0 ces informations, nous pouvons continuer \u00e0 optimaliser la mise en page de notre site web. Ces donn\u00e9es peuvent \u00e9galement \u00eatre utilis\u00e9es pour mettre des informations plus sp\u00e9cifiques sur le site. Cela nous permet d&rsquo;am\u00e9liorer encore nos services. Nous enregistrons \u00e9galement la fa\u00e7on dont les visiteurs cliquent sur notre site web. Ces donn\u00e9es sont uniquement stock\u00e9es et trait\u00e9es en interne. Ils sont utilis\u00e9s pour des analyses statistiques du comportement des visiteurs.<\/p>\n<p><strong>Ce que nous faisons avec les cookies?<\/strong><\/p>\n<p>Nous utilisons des cookies sur ce site web. Un cookie est un petit fichier simple qui est envoy\u00e9 avec les pages de ce site web et stock\u00e9 par votre navigateur sur votre disque dur.<\/p>\n<p>Sur notre site web, un cookie de la soci\u00e9t\u00e9 am\u00e9ricaine Google est plac\u00e9 dans le cadre du service \u00ab\u00a0Analytics\u00a0\u00bb. Nous utilisons ce service pour suivre et obtenir des rapports sur la fa\u00e7on dont les visiteurs utilisent le site web. Google est susceptible de communiquer ces informations \u00e0 des tiers dans la mesure o\u00f9 la loi l&rsquo;y oblige ou dans la mesure o\u00f9 des tiers traitent ces informations pour le compte de Google. Nous n&rsquo;avons aucune influence sur ce point. Les informations collect\u00e9es par Google sont rendues anonymes dans la mesure du possible. Votre adresse IP n&rsquo;est express\u00e9ment pas fournie. Ces informations sont transf\u00e9r\u00e9es et stock\u00e9es par Google sur des serveurs situ\u00e9s aux \u00c9tats-Unis.<\/p>\n<p><strong>Liens vers d&rsquo;autres sites web<\/strong><\/p>\n<p>Notre site web contient des liens vers les sites web d&rsquo;autres organisations. D&rsquo;autres sites web renvoient \u00e9galement \u00e0 notre site web. Ces liens en provenance et \u00e0 destination de tiers \u00e9chappent \u00e0 notre contr\u00f4le. Nous ne pouvons donc jamais \u00eatre tenus responsables des sites web des autres.<\/p>\n<p><strong>Copyright<\/strong><\/p>\n<p>Les donn\u00e9es figurant sur ce site web, telles que les textes, les photographies, les illustrations et tout autre mat\u00e9riel graphique, sont la propri\u00e9t\u00e9 ou sous licence de MOOI kliniek\/Aleamed et sont donc prot\u00e9g\u00e9es par le droit d&rsquo;auteur. Souhaitez-vous utiliser les donn\u00e9es du site www.earwell.eu ? Veuillez alors nous contacter via earwell@aleamed.be<\/p>\n<\/div>\n<\/div><div class=\"fusion-clearfix\"><\/div><\/div><\/div><\/div><\/div><\/p>\n","protected":false},"excerpt":{"rendered":"","protected":false},"author":2,"featured_media":0,"parent":0,"menu_order":0,"comment_status":"closed","ping_status":"open","template":"","meta":{"_acf_changed":false,"footnotes":""},"class_list":["post-2028","page","type-page","status-publish","hentry"],"acf":[],"yoast_head":"<!-- This site is optimized with the Yoast SEO plugin v26.8 - https:\/\/yoast.com\/product\/yoast-seo-wordpress\/ -->\n<title>Disclaimer - EarWell.eu<\/title>\n<meta name=\"robots\" content=\"index, follow, max-snippet:-1, max-image-preview:large, max-video-preview:-1\" \/>\n<link rel=\"canonical\" href=\"https:\/\/earwell.eu\/fr\/disclaimer\/\" \/>\n<meta property=\"og:locale\" content=\"fr_FR\" \/>\n<meta property=\"og:type\" content=\"article\" \/>\n<meta property=\"og:title\" content=\"Disclaimer - EarWell.eu\" \/>\n<meta property=\"og:url\" content=\"https:\/\/earwell.eu\/fr\/disclaimer\/\" \/>\n<meta property=\"og:site_name\" content=\"EarWell.eu\" \/>\n<meta property=\"article:modified_time\" content=\"2022-03-15T11:35:02+00:00\" \/>\n<meta name=\"twitter:card\" content=\"summary_large_image\" \/>\n<meta name=\"twitter:label1\" content=\"Dur\u00e9e de lecture estim\u00e9e\" \/>\n\t<meta name=\"twitter:data1\" content=\"8 minutes\" \/>\n<script type=\"application\/ld+json\" class=\"yoast-schema-graph\">{\"@context\":\"https:\/\/schema.org\",\"@graph\":[{\"@type\":\"WebPage\",\"@id\":\"https:\/\/earwell.eu\/fr\/disclaimer\/\",\"url\":\"https:\/\/earwell.eu\/fr\/disclaimer\/\",\"name\":\"Disclaimer - EarWell.eu\",\"isPartOf\":{\"@id\":\"https:\/\/earwell.eu\/#website\"},\"datePublished\":\"2022-03-15T11:35:01+00:00\",\"dateModified\":\"2022-03-15T11:35:02+00:00\",\"breadcrumb\":{\"@id\":\"https:\/\/earwell.eu\/fr\/disclaimer\/#breadcrumb\"},\"inLanguage\":\"fr-FR\",\"potentialAction\":[{\"@type\":\"ReadAction\",\"target\":[\"https:\/\/earwell.eu\/fr\/disclaimer\/\"]}]},{\"@type\":\"BreadcrumbList\",\"@id\":\"https:\/\/earwell.eu\/fr\/disclaimer\/#breadcrumb\",\"itemListElement\":[{\"@type\":\"ListItem\",\"position\":1,\"name\":\"Home\",\"item\":\"https:\/\/earwell.eu\/fr\/earwell\/\"},{\"@type\":\"ListItem\",\"position\":2,\"name\":\"Disclaimer\"}]},{\"@type\":\"WebSite\",\"@id\":\"https:\/\/earwell.eu\/#website\",\"url\":\"https:\/\/earwell.eu\/\",\"name\":\"EarWell.eu\",\"description\":\"\",\"potentialAction\":[{\"@type\":\"SearchAction\",\"target\":{\"@type\":\"EntryPoint\",\"urlTemplate\":\"https:\/\/earwell.eu\/?s={search_term_string}\"},\"query-input\":{\"@type\":\"PropertyValueSpecification\",\"valueRequired\":true,\"valueName\":\"search_term_string\"}}],\"inLanguage\":\"fr-FR\"}]}<\/script>\n<!-- \/ Yoast SEO plugin. -->","yoast_head_json":{"title":"Disclaimer - EarWell.eu","robots":{"index":"index","follow":"follow","max-snippet":"max-snippet:-1","max-image-preview":"max-image-preview:large","max-video-preview":"max-video-preview:-1"},"canonical":"https:\/\/earwell.eu\/fr\/disclaimer\/","og_locale":"fr_FR","og_type":"article","og_title":"Disclaimer - EarWell.eu","og_url":"https:\/\/earwell.eu\/fr\/disclaimer\/","og_site_name":"EarWell.eu","article_modified_time":"2022-03-15T11:35:02+00:00","twitter_card":"summary_large_image","twitter_misc":{"Dur\u00e9e de lecture estim\u00e9e":"8 minutes"},"schema":{"@context":"https:\/\/schema.org","@graph":[{"@type":"WebPage","@id":"https:\/\/earwell.eu\/fr\/disclaimer\/","url":"https:\/\/earwell.eu\/fr\/disclaimer\/","name":"Disclaimer - EarWell.eu","isPartOf":{"@id":"https:\/\/earwell.eu\/#website"},"datePublished":"2022-03-15T11:35:01+00:00","dateModified":"2022-03-15T11:35:02+00:00","breadcrumb":{"@id":"https:\/\/earwell.eu\/fr\/disclaimer\/#breadcrumb"},"inLanguage":"fr-FR","potentialAction":[{"@type":"ReadAction","target":["https:\/\/earwell.eu\/fr\/disclaimer\/"]}]},{"@type":"BreadcrumbList","@id":"https:\/\/earwell.eu\/fr\/disclaimer\/#breadcrumb","itemListElement":[{"@type":"ListItem","position":1,"name":"Home","item":"https:\/\/earwell.eu\/fr\/earwell\/"},{"@type":"ListItem","position":2,"name":"Disclaimer"}]},{"@type":"WebSite","@id":"https:\/\/earwell.eu\/#website","url":"https:\/\/earwell.eu\/","name":"EarWell.eu","description":"","potentialAction":[{"@type":"SearchAction","target":{"@type":"EntryPoint","urlTemplate":"https:\/\/earwell.eu\/?s={search_term_string}"},"query-input":{"@type":"PropertyValueSpecification","valueRequired":true,"valueName":"search_term_string"}}],"inLanguage":"fr-FR"}]}},"_links":{"self":[{"href":"https:\/\/earwell.eu\/fr\/wp-json\/wp\/v2\/pages\/2028","targetHints":{"allow":["GET"]}}],"collection":[{"href":"https:\/\/earwell.eu\/fr\/wp-json\/wp\/v2\/pages"}],"about":[{"href":"https:\/\/earwell.eu\/fr\/wp-json\/wp\/v2\/types\/page"}],"author":[{"embeddable":true,"href":"https:\/\/earwell.eu\/fr\/wp-json\/wp\/v2\/users\/2"}],"replies":[{"embeddable":true,"href":"https:\/\/earwell.eu\/fr\/wp-json\/wp\/v2\/comments?post=2028"}],"version-history":[{"count":2,"href":"https:\/\/earwell.eu\/fr\/wp-json\/wp\/v2\/pages\/2028\/revisions"}],"predecessor-version":[{"id":2030,"href":"https:\/\/earwell.eu\/fr\/wp-json\/wp\/v2\/pages\/2028\/revisions\/2030"}],"wp:attachment":[{"href":"https:\/\/earwell.eu\/fr\/wp-json\/wp\/v2\/media?parent=2028"}],"curies":[{"name":"wp","href":"https:\/\/api.w.org\/{rel}","templated":true}]}}